{"id":458,"date":"2024-10-23T00:44:53","date_gmt":"2024-10-22T22:44:53","guid":{"rendered":"https:\/\/www.ibericadesales.com\/sal-para-alimentacion-animal\/"},"modified":"2025-11-11T12:01:22","modified_gmt":"2025-11-11T11:01:22","slug":"sel-pour-alimentation-animale","status":"publish","type":"page","link":"https:\/\/www.ibericadesales.com\/fr\/sel-pour-alimentation-animale\/","title":{"rendered":"Sel pour Alimentation Animale"},"content":{"rendered":"<div class=\"wpb-content-wrapper\"><p>[vc_row full_width=\u00a0\u00bbstretch_row\u00a0\u00bb css=\u00a0\u00bb.vc_custom_1731675566485{background-image: url(https:\/\/www.ibericadesales.com\/wp-content\/uploads\/2024\/11\/cab_alimentacion_animal.jpg?id=838) !important;background-position: center !important;background-repeat: no-repeat !important;background-size: cover !important;}\u00a0\u00bb el_class=\u00a0\u00bbtitular\u00a0\u00bb][vc_column][vc_column_text css=\u00a0\u00bb.vc_custom_1730374283538{margin-bottom: 0px !important;padding-bottom: 20px !important;}\u00a0\u00bb]Sel pour Alimentation Animale[\/vc_column_text][vc_column_text el_class=\u00a0\u00bbbreadcrumb\u00a0\u00bb]<span><span><a href=\"https:\/\/www.ibericadesales.com\/fr\/\">Inicio<\/a><\/span><\/span>[\/vc_column_text][\/vc_column][\/vc_row][vc_row full_width=\u00a0\u00bbstretch_row\u00a0\u00bb gap=\u00a0\u00bb35&Prime; rtl_reverse=\u00a0\u00bbyes\u00a0\u00bb el_class=\u00a0\u00bbcontent_producto\u00a0\u00bb][vc_column width=\u00a0\u00bb1\/2&Prime; el_class=\u00a0\u00bbcol_ficha_foto\u00a0\u00bb][vc_single_image image=\u00a0\u00bb506&Prime; img_size=\u00a0\u00bblarge\u00a0\u00bb][vc_column_text el_class=\u00a0\u00bbficha_producto_caracteristicas\u00a0\u00bb]<\/p>\n<div class=\"page\" title=\"Page 1\">\n<div class=\"section\">\n<div class=\"layoutArea\">\n<div class=\"column\">\n<h3>CARAC\u00c9RISTIQUES<\/h3>\n<p>Le sel gemme sec extrait de nos mines est particuli\u00e8rement indiqu\u00e9 pour la fabrication de tous types d\u2019aliments pour animaux.<\/p>\n<p>Nos diff\u00e9rentes granulom\u00e9tries permettent de couvrir les diff\u00e9rents besoins des fabricants d\u2019aliments pour animaux.<\/p>\n<p><span lang=\"FR\">Nous disposons \u00e9galement de Blocs \u00e0 l\u00e9cher de Sel Gemme Pure et Pierre de Sel Gemme, en compl\u00e9ment du sel destin\u00e9 au b\u00e9tail<\/span>.<\/p>\n<h3>SERVICE<\/h3>\n<p>Notre stock de sel garantit un approvisionnement \u00e0 tout moment.<\/p>\n<p>L\u2019emplacement exceptionnel de nos mines et notre riche exp\u00e9rience dans le secteur de l\u2019alimentation animale nous permettent de proposer un service de haute qualit\u00e9 \u00e0 nos clients.<\/p>\n<\/div>\n<\/div>\n<\/div>\n<\/div>\n<p>[\/vc_column_text][\/vc_column][vc_column width=\u00a0\u00bb1\/2&Prime; el_class=\u00a0\u00bbcol_txt_foto\u00a0\u00bb][vc_column_text el_class=\u00a0\u00bbficha_cabecera\u00a0\u00bb]<img loading=\"lazy\" decoding=\"async\" class=\"alignleft wp-image-117 size-full\" src=\"https:\/\/www.ibericadesales.com\/wp-content\/uploads\/2024\/10\/icon_animal.png\" alt=\"\" width=\"75\" height=\"75\" \/><\/p>\n<h2>Pur et essentiel pour la sant\u00e9 du b\u00e9tail<\/h2>\n<p>[\/vc_column_text][vc_column_text el_class=\u00a0\u00bbtxt_descriptivo\u00a0\u00bb]<\/p>\n<div class=\"page\" title=\"Page 1\">\n<div class=\"section\">\n<div class=\"layoutArea\">\n<div class=\"column\">\n<p>Le sel est un min\u00e9ral indispensable dans l\u2019alimentation des animaux parce qu\u2019il stimule l\u2019app\u00e9tit et r\u00e9gule l\u2019\u00e9quilibre des fluides dans leur corps.<\/p>\n<p>Le sel gemme extrait de nos mines de Remolinos et de Cardona est un produit enti\u00e8rement naturel, r\u00e9sultat de l\u2019\u00e9vaporation et de la cristallisation il y a des millions d\u2019ann\u00e9es dans une mer exempte de polluants.<\/p>\n<p>Nous prot\u00e9geons l\u2019environnement\u00a0: notre sel, produit de mani\u00e8re responsable, contribue \u00e0 r\u00e9duire l&#8217;empreinte carbone, de sa production \u00e0 sa livraison.<\/p>\n<\/div>\n<\/div>\n<\/div>\n<\/div>\n<p>[\/vc_column_text][vc_column_text el_class=\u00a0\u00bbficha_tabla\u00a0\u00bb]<\/p>\n<table style=\"border-collapse: collapse; width: 100%;\">\n<thead>\n<tr>\n<td style=\"width: 50%;\" colspan=\"2\">CARACT\u00c9RISTIQUES DU PRODUIT<\/td>\n<\/tr>\n<\/thead>\n<tbody>\n<tr>\n<td style=\"width: 33%;\">Granulom\u00e9trie<\/td>\n<td style=\"width: 50%;\">\n<table style=\"border-collapse: collapse; width: 100%;\">\n<tbody>\n<tr>\n<td style=\"width: 25%;\">Gros<\/td>\n<td style=\"width: 10%;\"><img loading=\"lazy\" decoding=\"async\" class=\"alignnone size-full wp-image-123\" src=\"https:\/\/www.ibericadesales.com\/wp-content\/uploads\/2024\/10\/icon_punto_1.png\" alt=\"\" width=\"13\" height=\"13\" \/><\/td>\n<td style=\"width: 33.3333%;\">\n<div class=\"page\" title=\"Page 1\">\n<div class=\"section\">\n<div class=\"layoutArea\">\n<div class=\"column\">\n<p>1,6 mm &#8211; 3,5 mm<\/p>\n<\/div>\n<\/div>\n<\/div>\n<\/div>\n<\/td>\n<\/tr>\n<tr>\n<td style=\"width: 25%;\">Moyen<\/td>\n<td style=\"width: 10%;\"><img loading=\"lazy\" decoding=\"async\" class=\"alignnone size-full wp-image-124\" src=\"https:\/\/www.ibericadesales.com\/wp-content\/uploads\/2024\/10\/icon_punto_2.png\" alt=\"\" width=\"13\" height=\"13\" \/><\/td>\n<td style=\"width: 33.3333%;\">\n<div class=\"page\" title=\"Page 1\">\n<div class=\"section\">\n<div class=\"layoutArea\">\n<div class=\"column\">\n<p>0 mm &#8211; 2 mm<\/p>\n<\/div>\n<\/div>\n<\/div>\n<\/div>\n<\/td>\n<\/tr>\n<tr>\n<td style=\"width: 25%;\">Fin<\/td>\n<td style=\"width: 10%;\"><img loading=\"lazy\" decoding=\"async\" class=\"alignnone size-full wp-image-126\" src=\"https:\/\/www.ibericadesales.com\/wp-content\/uploads\/2024\/10\/icon_punto_4.png\" alt=\"\" width=\"13\" height=\"13\" \/><\/td>\n<td style=\"width: 33.3333%;\">\n<div class=\"page\" title=\"Page 1\">\n<div class=\"section\">\n<div class=\"layoutArea\">\n<div class=\"column\">\n<p>0 mm &#8211; 1,2 mm<\/p>\n<\/div>\n<\/div>\n<\/div>\n<\/div>\n<\/td>\n<\/tr>\n<\/tbody>\n<\/table>\n<\/td>\n<\/tr>\n<tr>\n<td style=\"width: 33%;\">Gamme de sels<\/td>\n<td style=\"width: 50%;\">\n<div class=\"page\" title=\"Page 1\">\n<div class=\"section\">\n<div class=\"layoutArea\">\n<div class=\"column\">\n<p>Sel Gemme Na&gt;35%<\/p>\n<\/div>\n<\/div>\n<\/div>\n<\/div>\n<\/td>\n<\/tr>\n<tr>\n<td style=\"width: 33%;\">Humidit\u00e9<\/td>\n<td style=\"width: 50%;\">\n<div class=\"page\" title=\"Page 1\">\n<div class=\"section\">\n<div class=\"layoutArea\">\n<div class=\"column\">\n<p>&lt;0,5%<\/p>\n<\/div>\n<\/div>\n<\/div>\n<\/div>\n<\/td>\n<\/tr>\n<tr>\n<td style=\"width: 33%;\">Conditionnement<\/td>\n<td style=\"width: 50%;\">\n<table style=\"border-collapse: collapse; width: 100%;\">\n<tbody>\n<tr>\n<td style=\"width: 50%;\">\n<div class=\"page\" title=\"Page 1\">\n<div class=\"section\">\n<div class=\"layoutArea\">\n<div class=\"column\">\n<p>Vrac puls\u00e9<\/p>\n<\/div>\n<\/div>\n<\/div>\n<\/div>\n<\/td>\n<td style=\"width: 50%;\"><img loading=\"lazy\" decoding=\"async\" class=\"alignnone size-full wp-image-128\" src=\"https:\/\/www.ibericadesales.com\/wp-content\/uploads\/2024\/10\/icon_cisterna.png\" alt=\"\" width=\"46\" height=\"30\" \/><\/td>\n<\/tr>\n<tr>\n<td style=\"width: 50%;\">\n<div class=\"page\" title=\"Page 1\">\n<div class=\"section\">\n<div class=\"layoutArea\">\n<div class=\"column\">\n<p>Big Bags<\/p>\n<\/div>\n<\/div>\n<\/div>\n<\/div>\n<\/td>\n<td style=\"width: 50%;\"><img loading=\"lazy\" decoding=\"async\" class=\"alignnone wp-image-127 size-full\" src=\"https:\/\/www.ibericadesales.com\/wp-content\/uploads\/2024\/10\/icon_big_bag.png\" alt=\"\" width=\"46\" height=\"30\" \/><\/td>\n<\/tr>\n<tr>\n<td style=\"width: 50%;\">\n<div class=\"page\" title=\"Page 1\">\n<div class=\"section\">\n<div class=\"layoutArea\">\n<div class=\"column\">\n<p>Sacs de 25kg<\/p>\n<\/div>\n<\/div>\n<\/div>\n<\/div>\n<\/td>\n<td style=\"width: 50%;\"><img loading=\"lazy\" decoding=\"async\" class=\"alignnone wp-image-130 size-full\" src=\"https:\/\/www.ibericadesales.com\/wp-content\/uploads\/2024\/10\/icon_saco.png\" alt=\"\" width=\"46\" height=\"30\" \/><\/td>\n<\/tr>\n<\/tbody>\n<\/table>\n<\/td>\n<\/tr>\n<\/tbody>\n<\/table>\n<p>[\/vc_column_text][vc_row_inner content_placement=\u00a0\u00bbmiddle\u00a0\u00bb el_class=\u00a0\u00bbficha_fila_producto\u00a0\u00bb][vc_column_inner width=\u00a0\u00bb1\/2&Prime;][vc_single_image image=\u00a0\u00bb484&Prime; img_size=\u00a0\u00bbmedium\u00a0\u00bb][\/vc_column_inner][vc_column_inner width=\u00a0\u00bb1\/2&Prime;][vc_column_text]<\/p>\n<h4>Sel sec<\/h4>\n<p>[\/vc_column_text][vc_column_text el_class=\u00a0\u00bbboton_pagina\u00a0\u00bb]<a href=\"https:\/\/www.ibericadesales.com\/wp-content\/uploads\/2024\/12\/Fichas-francais-animale.pdf\" target=\"_blank\" rel=\"noopener\">Fiche de produit<\/a>[\/vc_column_text][\/vc_column_inner][\/vc_row_inner][vc_row_inner content_placement=\u00a0\u00bbmiddle\u00a0\u00bb el_class=\u00a0\u00bbficha_fila_producto\u00a0\u00bb][vc_column_inner width=\u00a0\u00bb1\/2&Prime;][vc_single_image image=\u00a0\u00bb1272&Prime; img_size=\u00a0\u00bbmedium\u00a0\u00bb][\/vc_column_inner][vc_column_inner width=\u00a0\u00bb1\/2&Prime;][vc_column_text]<\/p>\n<h4>Bloc \u00e0 l\u00e9cher de Sel Gemme Pur<\/h4>\n<p>[\/vc_column_text][vc_column_text el_class=\u00a0\u00bbboton_pagina\u00a0\u00bb]<a href=\"https:\/\/www.ibericadesales.com\/wp-content\/uploads\/2025\/10\/Bloc_Sel_Gemme_Pur.pdf\" target=\"_blank\" rel=\"noopener\">Fiche de produit<\/a>[\/vc_column_text][\/vc_column_inner][\/vc_row_inner][vc_row_inner content_placement=\u00a0\u00bbmiddle\u00a0\u00bb el_class=\u00a0\u00bbficha_fila_producto\u00a0\u00bb][vc_column_inner width=\u00a0\u00bb1\/2&Prime;][vc_single_image image=\u00a0\u00bb814&Prime; img_size=\u00a0\u00bbmedium\u00a0\u00bb][\/vc_column_inner][vc_column_inner width=\u00a0\u00bb1\/2&Prime;][vc_column_text]<\/p>\n<h4>Pierre de Sel Gemme<\/h4>\n<p>[\/vc_column_text][vc_column_text el_class=\u00a0\u00bbboton_pagina\u00a0\u00bb]<a href=\"https:\/\/www.ibericadesales.com\/wp-content\/uploads\/2024\/11\/Iberica-de-Sales-Piedra-de-Sal-Mineral-para-ganaderia.pdf\" target=\"_blank\" rel=\"noopener\">Fiche de produit<\/a>[\/vc_column_text][\/vc_column_inner][\/vc_row_inner][\/vc_column][\/vc_row][vc_row el_class=\u00a0\u00bbotros_productos\u00a0\u00bb][vc_column][vc_column_text]<\/p>\n<div class=\"page\" title=\"Page 1\">\n<div class=\"section\">\n<div class=\"layoutArea\">\n<div class=\"column\">\n<h2 style=\"text-align: center;\">MINERSA FEED<\/h2>\n<\/div>\n<\/div>\n<div class=\"layoutArea\">\n<div class=\"column\">\n<h3 style=\"text-align: center;\">Autres produits pour l\u2019alimentation animale<\/h3>\n<\/div>\n<\/div>\n<\/div>\n<\/div>\n<p>[\/vc_column_text][vc_row_inner][vc_column_inner width=\u00a0\u00bb1\/4&Prime;][\/vc_column_inner][vc_column_inner width=\u00a0\u00bb1\/4&Prime;][vc_single_image image=\u00a0\u00bb485&Prime; img_size=\u00a0\u00bbmedium\u00a0\u00bb alignment=\u00a0\u00bbcenter\u00a0\u00bb][\/vc_column_inner][vc_column_inner width=\u00a0\u00bb1\/4&Prime;][vc_single_image image=\u00a0\u00bb486&Prime; img_size=\u00a0\u00bbmedium\u00a0\u00bb alignment=\u00a0\u00bbcenter\u00a0\u00bb][\/vc_column_inner][vc_column_inner width=\u00a0\u00bb1\/4&Prime;][\/vc_column_inner][\/vc_row_inner][\/vc_column][\/vc_row]<\/p>\n<\/div>","protected":false},"excerpt":{"rendered":"<p>[vc_row full_width=\u00a0\u00bbstretch_row\u00a0\u00bb css=\u00a0\u00bb.vc_custom_1731675566485{background-image: url(https:\/\/www.ibericadesales.com\/wp-content\/uploads\/2024\/11\/cab_alimentacion_animal.jpg?id=838) !important;background-position: center !important;background-repeat: no-repeat !important;background-size: cover !important;}\u00a0\u00bb el_class=\u00a0\u00bbtitular\u00a0\u00bb][vc_column][vc_column_text css=\u00a0\u00bb.vc_custom_1730374283538{margin-bottom: 0px !important;padding-bottom: 20px !important;}\u00a0\u00bb]Sel pour Alimentation Animale[\/vc_column_text][vc_column_text el_class=\u00a0\u00bbbreadcrumb\u00a0\u00bb][\/vc_column_text][\/vc_column][\/vc_row][vc_row full_width=\u00a0\u00bbstretch_row\u00a0\u00bb gap=\u00a0\u00bb35&Prime; rtl_reverse=\u00a0\u00bbyes\u00a0\u00bb el_class=\u00a0\u00bbcontent_producto\u00a0\u00bb][vc_column width=\u00a0\u00bb1\/2&Prime; el_class=\u00a0\u00bbcol_ficha_foto\u00a0\u00bb][vc_single_image image=\u00a0\u00bb506&Prime; img_size=\u00a0\u00bblarge\u00a0\u00bb][vc_column_text el_class=\u00a0\u00bbficha_producto_caracteristicas\u00a0\u00bb] CARAC\u00c9RISTIQUES Le sel gemme sec extrait de nos mines est particuli\u00e8rement indiqu\u00e9 pour la fabrication de tous types d\u2019aliments pour animaux. Nos diff\u00e9rentes granulom\u00e9tries permettent [&hellip;]<\/p>\n","protected":false},"author":1,"featured_media":0,"parent":0,"menu_order":0,"comment_status":"closed","ping_status":"closed","template":"","meta":{"footnotes":""},"class_list":["post-458","page","type-page","status-publish","hentry"],"acf":[],"yoast_head":"<!-- This site is optimized with the Yoast SEO plugin v27.0 - https:\/\/yoast.com\/product\/yoast-seo-wordpress\/ -->\n<title>Sel pour Alimentation Animale | Ib\u00e9rica de Sales<\/title>\n<meta name=\"description\" content=\"Sel pour animaux | Les meilleurs produits en compl\u00e9ment min\u00e9ral alimentaire pour am\u00e9liorer la digestion et l\u2019\u00e9quilibre de vos animaux.\" \/>\n<meta name=\"robots\" content=\"index, follow, max-snippet:-1, max-image-preview:large, max-video-preview:-1\" \/>\n<link rel=\"canonical\" href=\"https:\/\/www.ibericadesales.com\/fr\/sel-pour-alimentation-animale\/\" \/>\n<meta property=\"og:locale\" content=\"fr_FR\" \/>\n<meta property=\"og:type\" content=\"article\" \/>\n<meta property=\"og:title\" content=\"Sel pour Alimentation Animale | Ib\u00e9rica de Sales\" \/>\n<meta property=\"og:description\" content=\"Sel pour animaux | Les meilleurs produits en compl\u00e9ment min\u00e9ral alimentaire pour am\u00e9liorer la digestion et l\u2019\u00e9quilibre de vos animaux.\" \/>\n<meta property=\"og:url\" content=\"https:\/\/www.ibericadesales.com\/fr\/sel-pour-alimentation-animale\/\" \/>\n<meta property=\"og:site_name\" content=\"Ib\u00e9rica de Sales\" \/>\n<meta property=\"article:modified_time\" content=\"2025-11-11T11:01:22+00:00\" \/>\n<meta property=\"og:image\" content=\"https:\/\/www.ibericadesales.com\/wp-content\/uploads\/2024\/10\/icon_animal.png\" \/>\n<meta name=\"twitter:card\" content=\"summary_large_image\" \/>\n<meta name=\"twitter:label1\" content=\"Dur\u00e9e de lecture estim\u00e9e\" \/>\n\t<meta name=\"twitter:data1\" content=\"3 minutes\" \/>\n<script type=\"application\/ld+json\" class=\"yoast-schema-graph\">{\"@context\":\"https:\/\/schema.org\",\"@graph\":[{\"@type\":\"WebPage\",\"@id\":\"https:\/\/www.ibericadesales.com\/fr\/sel-pour-alimentation-animale\/\",\"url\":\"https:\/\/www.ibericadesales.com\/fr\/sel-pour-alimentation-animale\/\",\"name\":\"Sel pour Alimentation Animale | Ib\u00e9rica de Sales\",\"isPartOf\":{\"@id\":\"https:\/\/www.ibericadesales.com\/#website\"},\"primaryImageOfPage\":{\"@id\":\"https:\/\/www.ibericadesales.com\/fr\/sel-pour-alimentation-animale\/#primaryimage\"},\"image\":{\"@id\":\"https:\/\/www.ibericadesales.com\/fr\/sel-pour-alimentation-animale\/#primaryimage\"},\"thumbnailUrl\":\"https:\/\/www.ibericadesales.com\/wp-content\/uploads\/2024\/10\/icon_animal.png\",\"datePublished\":\"2024-10-22T22:44:53+00:00\",\"dateModified\":\"2025-11-11T11:01:22+00:00\",\"description\":\"Sel pour animaux | Les meilleurs produits en compl\u00e9ment min\u00e9ral alimentaire pour am\u00e9liorer la digestion et l\u2019\u00e9quilibre de vos animaux.\",\"breadcrumb\":{\"@id\":\"https:\/\/www.ibericadesales.com\/fr\/sel-pour-alimentation-animale\/#breadcrumb\"},\"inLanguage\":\"fr-FR\",\"potentialAction\":[{\"@type\":\"ReadAction\",\"target\":[\"https:\/\/www.ibericadesales.com\/fr\/sel-pour-alimentation-animale\/\"]}]},{\"@type\":\"ImageObject\",\"inLanguage\":\"fr-FR\",\"@id\":\"https:\/\/www.ibericadesales.com\/fr\/sel-pour-alimentation-animale\/#primaryimage\",\"url\":\"https:\/\/www.ibericadesales.com\/wp-content\/uploads\/2024\/10\/icon_animal.png\",\"contentUrl\":\"https:\/\/www.ibericadesales.com\/wp-content\/uploads\/2024\/10\/icon_animal.png\"},{\"@type\":\"BreadcrumbList\",\"@id\":\"https:\/\/www.ibericadesales.com\/fr\/sel-pour-alimentation-animale\/#breadcrumb\",\"itemListElement\":[{\"@type\":\"ListItem\",\"position\":1,\"name\":\"Inicio\",\"item\":\"https:\/\/www.ibericadesales.com\/fr\/\"},{\"@type\":\"ListItem\",\"position\":2,\"name\":\"Sel pour Alimentation Animale\"}]},{\"@type\":\"WebSite\",\"@id\":\"https:\/\/www.ibericadesales.com\/#website\",\"url\":\"https:\/\/www.ibericadesales.com\/\",\"name\":\"Ib\u00e9rica de Sales\",\"description\":\"Productores de Sal para todo tipo de industrias\",\"publisher\":{\"@id\":\"https:\/\/www.ibericadesales.com\/#organization\"},\"alternateName\":\"Ib\u00e9rica de Sales\",\"potentialAction\":[{\"@type\":\"SearchAction\",\"target\":{\"@type\":\"EntryPoint\",\"urlTemplate\":\"https:\/\/www.ibericadesales.com\/?s={search_term_string}\"},\"query-input\":{\"@type\":\"PropertyValueSpecification\",\"valueRequired\":true,\"valueName\":\"search_term_string\"}}],\"inLanguage\":\"fr-FR\"},{\"@type\":\"Organization\",\"@id\":\"https:\/\/www.ibericadesales.com\/#organization\",\"name\":\"Ib\u00e9rica de Sales\",\"alternateName\":\"Productores de sal\",\"url\":\"https:\/\/www.ibericadesales.com\/\",\"logo\":{\"@type\":\"ImageObject\",\"inLanguage\":\"fr-FR\",\"@id\":\"https:\/\/www.ibericadesales.com\/#\/schema\/logo\/image\/\",\"url\":\"https:\/\/www.ibericadesales.com\/wp-content\/uploads\/2024\/12\/favicon.png\",\"contentUrl\":\"https:\/\/www.ibericadesales.com\/wp-content\/uploads\/2024\/12\/favicon.png\",\"width\":512,\"height\":512,\"caption\":\"Ib\u00e9rica de Sales\"},\"image\":{\"@id\":\"https:\/\/www.ibericadesales.com\/#\/schema\/logo\/image\/\"}}]}<\/script>\n<!-- \/ Yoast SEO plugin. -->","yoast_head_json":{"title":"Sel pour Alimentation Animale | Ib\u00e9rica de Sales","description":"Sel pour animaux | Les meilleurs produits en compl\u00e9ment min\u00e9ral alimentaire pour am\u00e9liorer la digestion et l\u2019\u00e9quilibre de vos animaux.","robots":{"index":"index","follow":"follow","max-snippet":"max-snippet:-1","max-image-preview":"max-image-preview:large","max-video-preview":"max-video-preview:-1"},"canonical":"https:\/\/www.ibericadesales.com\/fr\/sel-pour-alimentation-animale\/","og_locale":"fr_FR","og_type":"article","og_title":"Sel pour Alimentation Animale | Ib\u00e9rica de Sales","og_description":"Sel pour animaux | Les meilleurs produits en compl\u00e9ment min\u00e9ral alimentaire pour am\u00e9liorer la digestion et l\u2019\u00e9quilibre de vos animaux.","og_url":"https:\/\/www.ibericadesales.com\/fr\/sel-pour-alimentation-animale\/","og_site_name":"Ib\u00e9rica de Sales","article_modified_time":"2025-11-11T11:01:22+00:00","og_image":[{"url":"https:\/\/www.ibericadesales.com\/wp-content\/uploads\/2024\/10\/icon_animal.png","type":"","width":"","height":""}],"twitter_card":"summary_large_image","twitter_misc":{"Dur\u00e9e de lecture estim\u00e9e":"3 minutes"},"schema":{"@context":"https:\/\/schema.org","@graph":[{"@type":"WebPage","@id":"https:\/\/www.ibericadesales.com\/fr\/sel-pour-alimentation-animale\/","url":"https:\/\/www.ibericadesales.com\/fr\/sel-pour-alimentation-animale\/","name":"Sel pour Alimentation Animale | Ib\u00e9rica de Sales","isPartOf":{"@id":"https:\/\/www.ibericadesales.com\/#website"},"primaryImageOfPage":{"@id":"https:\/\/www.ibericadesales.com\/fr\/sel-pour-alimentation-animale\/#primaryimage"},"image":{"@id":"https:\/\/www.ibericadesales.com\/fr\/sel-pour-alimentation-animale\/#primaryimage"},"thumbnailUrl":"https:\/\/www.ibericadesales.com\/wp-content\/uploads\/2024\/10\/icon_animal.png","datePublished":"2024-10-22T22:44:53+00:00","dateModified":"2025-11-11T11:01:22+00:00","description":"Sel pour animaux | Les meilleurs produits en compl\u00e9ment min\u00e9ral alimentaire pour am\u00e9liorer la digestion et l\u2019\u00e9quilibre de vos animaux.","breadcrumb":{"@id":"https:\/\/www.ibericadesales.com\/fr\/sel-pour-alimentation-animale\/#breadcrumb"},"inLanguage":"fr-FR","potentialAction":[{"@type":"ReadAction","target":["https:\/\/www.ibericadesales.com\/fr\/sel-pour-alimentation-animale\/"]}]},{"@type":"ImageObject","inLanguage":"fr-FR","@id":"https:\/\/www.ibericadesales.com\/fr\/sel-pour-alimentation-animale\/#primaryimage","url":"https:\/\/www.ibericadesales.com\/wp-content\/uploads\/2024\/10\/icon_animal.png","contentUrl":"https:\/\/www.ibericadesales.com\/wp-content\/uploads\/2024\/10\/icon_animal.png"},{"@type":"BreadcrumbList","@id":"https:\/\/www.ibericadesales.com\/fr\/sel-pour-alimentation-animale\/#breadcrumb","itemListElement":[{"@type":"ListItem","position":1,"name":"Inicio","item":"https:\/\/www.ibericadesales.com\/fr\/"},{"@type":"ListItem","position":2,"name":"Sel pour Alimentation Animale"}]},{"@type":"WebSite","@id":"https:\/\/www.ibericadesales.com\/#website","url":"https:\/\/www.ibericadesales.com\/","name":"Ib\u00e9rica de Sales","description":"Productores de Sal para todo tipo de industrias","publisher":{"@id":"https:\/\/www.ibericadesales.com\/#organization"},"alternateName":"Ib\u00e9rica de Sales","potentialAction":[{"@type":"SearchAction","target":{"@type":"EntryPoint","urlTemplate":"https:\/\/www.ibericadesales.com\/?s={search_term_string}"},"query-input":{"@type":"PropertyValueSpecification","valueRequired":true,"valueName":"search_term_string"}}],"inLanguage":"fr-FR"},{"@type":"Organization","@id":"https:\/\/www.ibericadesales.com\/#organization","name":"Ib\u00e9rica de Sales","alternateName":"Productores de sal","url":"https:\/\/www.ibericadesales.com\/","logo":{"@type":"ImageObject","inLanguage":"fr-FR","@id":"https:\/\/www.ibericadesales.com\/#\/schema\/logo\/image\/","url":"https:\/\/www.ibericadesales.com\/wp-content\/uploads\/2024\/12\/favicon.png","contentUrl":"https:\/\/www.ibericadesales.com\/wp-content\/uploads\/2024\/12\/favicon.png","width":512,"height":512,"caption":"Ib\u00e9rica de Sales"},"image":{"@id":"https:\/\/www.ibericadesales.com\/#\/schema\/logo\/image\/"}}]}},"_links":{"self":[{"href":"https:\/\/www.ibericadesales.com\/fr\/wp-json\/wp\/v2\/pages\/458","targetHints":{"allow":["GET"]}}],"collection":[{"href":"https:\/\/www.ibericadesales.com\/fr\/wp-json\/wp\/v2\/pages"}],"about":[{"href":"https:\/\/www.ibericadesales.com\/fr\/wp-json\/wp\/v2\/types\/page"}],"author":[{"embeddable":true,"href":"https:\/\/www.ibericadesales.com\/fr\/wp-json\/wp\/v2\/users\/1"}],"replies":[{"embeddable":true,"href":"https:\/\/www.ibericadesales.com\/fr\/wp-json\/wp\/v2\/comments?post=458"}],"version-history":[{"count":17,"href":"https:\/\/www.ibericadesales.com\/fr\/wp-json\/wp\/v2\/pages\/458\/revisions"}],"predecessor-version":[{"id":1344,"href":"https:\/\/www.ibericadesales.com\/fr\/wp-json\/wp\/v2\/pages\/458\/revisions\/1344"}],"wp:attachment":[{"href":"https:\/\/www.ibericadesales.com\/fr\/wp-json\/wp\/v2\/media?parent=458"}],"curies":[{"name":"wp","href":"https:\/\/api.w.org\/{rel}","templated":true}]}}