{"id":313,"date":"2024-10-10T19:56:14","date_gmt":"2024-10-10T17:56:14","guid":{"rendered":"https:\/\/www.ibericadesales.com\/inicio\/"},"modified":"2025-11-14T12:27:54","modified_gmt":"2025-11-14T11:27:54","slug":"inicio","status":"publish","type":"page","link":"https:\/\/www.ibericadesales.com\/fr\/","title":{"rendered":"Accueil"},"content":{"rendered":"<div class=\"wpb-content-wrapper\"><p>[vc_row el_class=\u00a0\u00bbslider_home\u00a0\u00bb][vc_column]\n\t\t\t<!-- START Slider Home FR REVOLUTION SLIDER 6.6.13 --><p class=\"rs-p-wp-fix\"><\/p>\n\t\t\t<rs-module-wrap id=\"rev_slider_3_1_wrapper\" data-source=\"gallery\" style=\"visibility:hidden;background:transparent;padding:0;margin:0px auto;margin-top:0;margin-bottom:0;\">\n\t\t\t\t<rs-module id=\"rev_slider_3_1\" style=\"\" data-version=\"6.6.13\">\n\t\t\t\t\t<rs-slides style=\"overflow: hidden; position: absolute;\">\n\t\t\t\t\t\t<rs-slide style=\"position: absolute;\" data-key=\"rs-7\" data-title=\"Slide\" data-in=\"o:0;\" data-out=\"a:false;\">\n\t\t\t\t\t\t\t<img decoding=\"async\" src=\"\/\/www.ibericadesales.com\/wp-content\/plugins\/revslider\/public\/assets\/assets\/dummy.png\" alt=\"fabricantes de sal\" title=\"Slider_1\" width=\"2560\" height=\"923\" class=\"rev-slidebg tp-rs-img rs-lazyload\" data-lazyload=\"\/\/www.ibericadesales.com\/wp-content\/uploads\/2024\/11\/Slider_1-scaled.jpg\" data-no-retina>\n<!--\n\t\t\t\t\t\t\t--><rs-layer\n\t\t\t\t\t\t\t\tid=\"slider-3-slide-7-layer-1\" \n\t\t\t\t\t\t\t\tclass=\"titular_slider\"\n\t\t\t\t\t\t\t\tdata-type=\"text\"\n\t\t\t\t\t\t\t\tdata-rsp_ch=\"on\"\n\t\t\t\t\t\t\t\tdata-xy=\"x:l,l,l,c;xo:30px,30px,30px,0;y:m;\"\n\t\t\t\t\t\t\t\tdata-text=\"w:normal;s:20,20,20,7;l:25,25,25,9;\"\n\t\t\t\t\t\t\t\tdata-dim=\"w:auto,auto,auto,80%;\"\n\t\t\t\t\t\t\t\tdata-frame_999=\"o:0;st:w;\"\n\t\t\t\t\t\t\t\tstyle=\"z-index:7;font-family:'Roboto';\"\n\t\t\t\t\t\t\t><h1>Sp\u00e9cialistes du sel <br \/>\npour tous types d'industries<\/h1><br \/>\n<h2>Nous sommes un des principauyx fournisseur de sel <br \/>\npour l'alimentation animale et de sel de d\u00e9neigement \u00e0 l\u2019\u00e9chelle nationale.<\/h2> \n\t\t\t\t\t\t\t<\/rs-layer><!--\n-->\t\t\t\t\t\t<\/rs-slide>\n\t\t\t\t\t\t<rs-slide style=\"position: absolute;\" data-key=\"rs-8\" data-title=\"Slide\" data-in=\"o:0;\" data-out=\"a:false;\">\n\t\t\t\t\t\t\t<img decoding=\"async\" src=\"\/\/www.ibericadesales.com\/wp-content\/plugins\/revslider\/public\/assets\/assets\/dummy.png\" alt=\"fabricantes de sal\" title=\"Slider_2\" width=\"2560\" height=\"923\" class=\"rev-slidebg tp-rs-img rs-lazyload\" data-lazyload=\"\/\/www.ibericadesales.com\/wp-content\/uploads\/2024\/11\/Slider_2-scaled.jpg\" data-no-retina>\n<!--\n\t\t\t\t\t\t\t--><rs-layer\n\t\t\t\t\t\t\t\tid=\"slider-3-slide-8-layer-1\" \n\t\t\t\t\t\t\t\tclass=\"titular_slider\"\n\t\t\t\t\t\t\t\tdata-type=\"text\"\n\t\t\t\t\t\t\t\tdata-rsp_ch=\"on\"\n\t\t\t\t\t\t\t\tdata-xy=\"x:l,l,l,c;xo:30px,30px,30px,0;y:m;\"\n\t\t\t\t\t\t\t\tdata-text=\"w:normal;s:20,20,20,7;l:25,25,25,9;\"\n\t\t\t\t\t\t\t\tdata-dim=\"w:auto,auto,auto,80%;\"\n\t\t\t\t\t\t\t\tdata-frame_999=\"o:0;st:w;\"\n\t\t\t\t\t\t\t\tstyle=\"z-index:6;font-family:'Roboto';\"\n\t\t\t\t\t\t\t><h1>Sp\u00e9cialistes du sel <br \/>\npour tous types d'industries<\/h1><br \/>\n<h2>Nous sommes un des principauyx fournisseur de sel <br \/>\npour l'alimentation animale et de sel de d\u00e9neigement \u00e0 l\u2019\u00e9chelle nationale.<\/h2> \n\t\t\t\t\t\t\t<\/rs-layer><!--\n-->\t\t\t\t\t\t<\/rs-slide>\n\t\t\t\t\t\t<rs-slide style=\"position: absolute;\" data-key=\"rs-9\" data-title=\"Slide\" data-in=\"o:0;\" data-out=\"a:false;\">\n\t\t\t\t\t\t\t<img decoding=\"async\" src=\"\/\/www.ibericadesales.com\/wp-content\/plugins\/revslider\/public\/assets\/assets\/dummy.png\" alt=\"productores de sal\" title=\"Slider_4\" width=\"2560\" height=\"923\" class=\"rev-slidebg tp-rs-img rs-lazyload\" data-lazyload=\"\/\/www.ibericadesales.com\/wp-content\/uploads\/2024\/11\/Slider_4-scaled.jpg\" data-no-retina>\n<!--\n\t\t\t\t\t\t\t--><rs-layer\n\t\t\t\t\t\t\t\tid=\"slider-3-slide-9-layer-1\" \n\t\t\t\t\t\t\t\tclass=\"titular_slider\"\n\t\t\t\t\t\t\t\tdata-type=\"text\"\n\t\t\t\t\t\t\t\tdata-rsp_ch=\"on\"\n\t\t\t\t\t\t\t\tdata-xy=\"x:l,l,l,c;xo:30px,30px,30px,0;y:m;\"\n\t\t\t\t\t\t\t\tdata-text=\"w:normal;s:20,20,20,7;l:25,25,25,9;\"\n\t\t\t\t\t\t\t\tdata-dim=\"w:auto,auto,auto,80%;\"\n\t\t\t\t\t\t\t\tdata-frame_999=\"o:0;st:w;\"\n\t\t\t\t\t\t\t\tstyle=\"z-index:6;font-family:'Roboto';\"\n\t\t\t\t\t\t\t><h1>Sp\u00e9cialistes du sel <br \/>\npour tous types d'industries<\/h1><br \/>\n<h2>Nous sommes un des principauyx fournisseur de sel <br \/>\npour l'alimentation animale et de sel de d\u00e9neigement \u00e0 l\u2019\u00e9chelle nationale.<\/h2> \n\t\t\t\t\t\t\t<\/rs-layer><!--\n-->\t\t\t\t\t\t<\/rs-slide>\n\t\t\t\t\t<\/rs-slides>\n\t\t\t\t<\/rs-module>\n\t\t\t\t<script>\n\t\t\t\t\tsetREVStartSize({c: 'rev_slider_3_1',rl:[1240,1240,1240,480],el:[600,600,600,720],gw:[1240,1240,1240,480],gh:[600,600,600,720],type:'standard',justify:'',layout:'fullwidth',mh:\"0\"});if (window.RS_MODULES!==undefined && window.RS_MODULES.modules!==undefined && window.RS_MODULES.modules[\"revslider31\"]!==undefined) {window.RS_MODULES.modules[\"revslider31\"].once = false;window.revapi3 = undefined;if (window.RS_MODULES.checkMinimal!==undefined) window.RS_MODULES.checkMinimal()}\n\t\t\t\t<\/script>\n\t\t\t<\/rs-module-wrap>\n\t\t\t<!-- END REVOLUTION SLIDER -->\n[\/vc_column][\/vc_row][vc_row el_class=\u00a0\u00bbtitularazo_gris\u00a0\u00bb][vc_column][vc_column_text]<\/p>\n<h2 style=\"text-align: center;\">Applications<\/h2>\n<p>[\/vc_column_text][\/vc_column][\/vc_row][vc_row gap=\u00a0\u00bb10&Prime; css=\u00a0\u00bb.vc_custom_1729204619269{margin-bottom: 0px !important;}\u00a0\u00bb el_class=\u00a0\u00bbbloque_aplicaciones_home\u00a0\u00bb][vc_column width=\u00a0\u00bb1\/3&Prime; el_class=\u00a0\u00bbbloque_aplicacion\u00a0\u00bb css=\u00a0\u00bb.vc_custom_1626270487620{padding-right: 10px !important;}\u00a0\u00bb][vc_column_text el_class=\u00a0\u00bbtxt_bloque_aplicacion_grande\u00a0\u00bb]<\/p>\n<h3>Sel de D\u00e9neigement<\/h3>\n<p>[\/vc_column_text][vc_row_inner css=\u00a0\u00bb.vc_custom_1729603493675{margin-top: 0px !important;margin-right: 0px !important;margin-bottom: 0px !important;margin-left: 0px !important;padding-top: 0px !important;padding-right: 0px !important;padding-bottom: 0px !important;padding-left: 0px !important;background-image: url(https:\/\/www.ibericadesales.com\/wp-content\/uploads\/2024\/10\/home_2.jpg?id=39) !important;background-position: center !important;background-repeat: no-repeat !important;background-size: cover !important;}\u00a0\u00bb][vc_column_inner el_class=\u00a0\u00bbfoto_aplicacion\u00a0\u00bb css=\u00a0\u00bb.vc_custom_1626265811723{margin-top: 0px !important;margin-right: 0px !important;margin-bottom: 0px !important;margin-left: 0px !important;padding-top: 0px !important;padding-right: 0px !important;padding-bottom: 0px !important;padding-left: 0px !important;}\u00a0\u00bb][vc_column_text el_class=\u00a0\u00bbboton_pagina\u00a0\u00bb]<a href=\"https:\/\/www.ibericadesales.com\/fr\/sel-de-deneigement\/\">+ d\u2019informations<\/a>[\/vc_column_text][\/vc_column_inner][\/vc_row_inner][\/vc_column][vc_column width=\u00a0\u00bb1\/3&Prime; el_class=\u00a0\u00bbbloque_aplicacion\u00a0\u00bb css=\u00a0\u00bb.vc_custom_1626270499810{padding-left: 10px !important;}\u00a0\u00bb][vc_column_text el_class=\u00a0\u00bbtxt_bloque_aplicacion_grande\u00a0\u00bb]<\/p>\n<h3>Sel pour Alimentation Animale<\/h3>\n<p>[\/vc_column_text][vc_row_inner css=\u00a0\u00bb.vc_custom_1729603506171{margin-top: 0px !important;margin-right: 0px !important;margin-bottom: 0px !important;margin-left: 0px !important;padding-top: 0px !important;padding-right: 0px !important;padding-bottom: 0px !important;padding-left: 0px !important;background-image: url(https:\/\/www.ibericadesales.com\/wp-content\/uploads\/2024\/10\/home_3.jpg?id=40) !important;background-position: center !important;background-repeat: no-repeat !important;background-size: cover !important;}\u00a0\u00bb][vc_column_inner el_class=\u00a0\u00bbfoto_aplicacion\u00a0\u00bb css=\u00a0\u00bb.vc_custom_1626265811723{margin-top: 0px !important;margin-right: 0px !important;margin-bottom: 0px !important;margin-left: 0px !important;padding-top: 0px !important;padding-right: 0px !important;padding-bottom: 0px !important;padding-left: 0px !important;}\u00a0\u00bb][vc_column_text el_class=\u00a0\u00bbboton_pagina\u00a0\u00bb]<a href=\"https:\/\/www.ibericadesales.com\/fr\/sel-pour-alimentation-animale\/\">+ d\u2019informations<\/a>[\/vc_column_text][\/vc_column_inner][\/vc_row_inner][\/vc_column][vc_column width=\u00a0\u00bb1\/3&Prime; el_class=\u00a0\u00bbbloque_aplicacion\u00a0\u00bb][vc_column_text el_class=\u00a0\u00bbtxt_bloque_aplicacion_grande\u00a0\u00bb]<\/p>\n<h3>Sel Agroalimentaire PURASAL<\/h3>\n<p>[\/vc_column_text][vc_row_inner css=\u00a0\u00bb.vc_custom_1729603516707{margin-top: 0px !important;margin-right: 0px !important;margin-bottom: 0px !important;margin-left: 0px !important;padding-top: 0px !important;padding-right: 0px !important;padding-bottom: 0px !important;padding-left: 0px !important;background-image: url(https:\/\/www.ibericadesales.com\/wp-content\/uploads\/2024\/10\/home_4.jpg?id=41) !important;background-position: center !important;background-repeat: no-repeat !important;background-size: cover !important;}\u00a0\u00bb][vc_column_inner el_class=\u00a0\u00bbfoto_aplicacion\u00a0\u00bb css=\u00a0\u00bb.vc_custom_1626265811723{margin-top: 0px !important;margin-right: 0px !important;margin-bottom: 0px !important;margin-left: 0px !important;padding-top: 0px !important;padding-right: 0px !important;padding-bottom: 0px !important;padding-left: 0px !important;}\u00a0\u00bb][vc_column_text el_class=\u00a0\u00bbboton_pagina\u00a0\u00bb]<a href=\"https:\/\/www.ibericadesales.com\/fr\/sel-agroalimentaire-purasal\/\">+ d\u2019informations<\/a>[\/vc_column_text][\/vc_column_inner][\/vc_row_inner][\/vc_column][\/vc_row][vc_row gap=\u00a0\u00bb10&Prime; css=\u00a0\u00bb.vc_custom_1626275353863{margin-bottom: 50px !important;}\u00a0\u00bb el_class=\u00a0\u00bbbloque_aplicaciones_home\u00a0\u00bb][vc_column width=\u00a0\u00bb1\/3&Prime; el_class=\u00a0\u00bbbloque_aplicacion\u00a0\u00bb css=\u00a0\u00bb.vc_custom_1626270487620{padding-right: 10px !important;}\u00a0\u00bb][vc_column_text el_class=\u00a0\u00bbtxt_bloque_aplicacion_grande\u00a0\u00bb]<\/p>\n<h3>Sel Industriel<\/h3>\n<p>[\/vc_column_text][vc_row_inner css=\u00a0\u00bb.vc_custom_1729603532803{margin-top: 0px !important;margin-right: 0px !important;margin-bottom: 0px !important;margin-left: 0px !important;padding-top: 0px !important;padding-right: 0px !important;padding-bottom: 0px !important;padding-left: 0px !important;background-image: url(https:\/\/www.ibericadesales.com\/wp-content\/uploads\/2024\/10\/home_5.jpg?id=42) !important;background-position: center !important;background-repeat: no-repeat !important;background-size: cover !important;}\u00a0\u00bb][vc_column_inner el_class=\u00a0\u00bbfoto_aplicacion\u00a0\u00bb css=\u00a0\u00bb.vc_custom_1626265811723{margin-top: 0px !important;margin-right: 0px !important;margin-bottom: 0px !important;margin-left: 0px !important;padding-top: 0px !important;padding-right: 0px !important;padding-bottom: 0px !important;padding-left: 0px !important;}\u00a0\u00bb][vc_column_text el_class=\u00a0\u00bbboton_pagina\u00a0\u00bb]<a href=\"https:\/\/www.ibericadesales.com\/fr\/sel-industriel\/\">+ d\u2019informations<\/a>[\/vc_column_text][\/vc_column_inner][\/vc_row_inner][\/vc_column][vc_column width=\u00a0\u00bb1\/3&Prime; el_class=\u00a0\u00bbbloque_aplicacion\u00a0\u00bb css=\u00a0\u00bb.vc_custom_1626270499810{padding-left: 10px !important;}\u00a0\u00bb][vc_column_text el_class=\u00a0\u00bbtxt_bloque_aplicacion_grande\u00a0\u00bb]<\/p>\n<h3>Sel pour Adoucisseur d\u2019Eau<\/h3>\n<p>[\/vc_column_text][vc_row_inner css=\u00a0\u00bb.vc_custom_1729603548507{margin-top: 0px !important;margin-right: 0px !important;margin-bottom: 0px !important;margin-left: 0px !important;padding-top: 0px !important;padding-right: 0px !important;padding-bottom: 0px !important;padding-left: 0px !important;background-image: url(https:\/\/www.ibericadesales.com\/wp-content\/uploads\/2024\/10\/home_6.jpg?id=43) !important;background-position: center !important;background-repeat: no-repeat !important;background-size: cover !important;}\u00a0\u00bb][vc_column_inner el_class=\u00a0\u00bbfoto_aplicacion\u00a0\u00bb css=\u00a0\u00bb.vc_custom_1626265811723{margin-top: 0px !important;margin-right: 0px !important;margin-bottom: 0px !important;margin-left: 0px !important;padding-top: 0px !important;padding-right: 0px !important;padding-bottom: 0px !important;padding-left: 0px !important;}\u00a0\u00bb][vc_column_text el_class=\u00a0\u00bbboton_pagina\u00a0\u00bb]<a href=\"https:\/\/www.ibericadesales.com\/fr\/sel-pour-adoucisseur-deau\/\">+ d\u2019informations<\/a>[\/vc_column_text][\/vc_column_inner][\/vc_row_inner][\/vc_column][vc_column width=\u00a0\u00bb1\/3&Prime; el_class=\u00a0\u00bbbloque_aplicacion\u00a0\u00bb][vc_column_text el_class=\u00a0\u00bbtxt_bloque_aplicacion_grande\u00a0\u00bb]<\/p>\n<h3>Sel pour Piscines<\/h3>\n<p>[\/vc_column_text][vc_row_inner css=\u00a0\u00bb.vc_custom_1729603563451{margin-top: 0px !important;margin-right: 0px !important;margin-bottom: 0px !important;margin-left: 0px !important;padding-top: 0px !important;padding-right: 0px !important;padding-bottom: 0px !important;padding-left: 0px !important;background-image: url(https:\/\/www.ibericadesales.com\/wp-content\/uploads\/2024\/10\/home_7.jpg?id=44) !important;background-position: center !important;background-repeat: no-repeat !important;background-size: cover !important;}\u00a0\u00bb][vc_column_inner el_class=\u00a0\u00bbfoto_aplicacion\u00a0\u00bb css=\u00a0\u00bb.vc_custom_1626265811723{margin-top: 0px !important;margin-right: 0px !important;margin-bottom: 0px !important;margin-left: 0px !important;padding-top: 0px !important;padding-right: 0px !important;padding-bottom: 0px !important;padding-left: 0px !important;}\u00a0\u00bb][vc_column_text el_class=\u00a0\u00bbboton_pagina\u00a0\u00bb]<a href=\"https:\/\/www.ibericadesales.com\/fr\/sel-pour-piscines\/\">+ d\u2019informations<\/a>[\/vc_column_text][\/vc_column_inner][\/vc_row_inner][\/vc_column][\/vc_row][vc_row el_class=\u00a0\u00bbhome_fotazo\u00a0\u00bb][vc_column width=\u00a0\u00bb1\/2&Prime; el_class=\u00a0\u00bbimagenaza_home\u00a0\u00bb][vc_single_image image=\u00a0\u00bb790&Prime; img_size=\u00a0\u00bbfull\u00a0\u00bb alignment=\u00a0\u00bbright\u00a0\u00bb el_class=\u00a0\u00bbhero-astronaut\u00a0\u00bb][\/vc_column][vc_column width=\u00a0\u00bb1\/2&Prime; el_class=\u00a0\u00bbtxt_imagenaza_home\u00a0\u00bb][vc_column_text]<\/p>\n<h3>NOTRE ENTREPRISE<\/h3>\n<h4>Nous sommes sp\u00e9cialis\u00e9s dans l&rsquo;extraction et la commercialisation du sel<\/h4>\n<p>Au sein du groupe Ib\u00e9rica de Sales, nous disposons de nos propres mines de sel desquelles nous extrayons un produit enti\u00e8rement naturel, d\u00e9pos\u00e9 dans le sous-sol il y a des millions d&rsquo;ann\u00e9es.<\/p>\n<p>La qualit\u00e9, l\u2019innovation et la durabilit\u00e9 sont au c\u0153ur de notre activit\u00e9. Forts de nos ann\u00e9es d&rsquo;exp\u00e9rience dans l&rsquo;industrie du sel et \u00e0 notre \u00e9quipe d\u00e9vou\u00e9e, nous sommes en mesure de fournir \u00e0 nos clients un service de haute qualit\u00e9.[\/vc_column_text][vc_column_text el_class=\u00a0\u00bbboton_pagina\u00a0\u00bb]<a href=\"https:\/\/www.ibericadesales.com\/fr\/qui-sommes-nous\/\">En savoir plus<\/a>[\/vc_column_text][\/vc_column][\/vc_row]<\/p>\n<\/div>","protected":false},"excerpt":{"rendered":"<p>[vc_row el_class=\u00a0\u00bbslider_home\u00a0\u00bb][vc_column][\/vc_column][\/vc_row][vc_row el_class=\u00a0\u00bbtitularazo_gris\u00a0\u00bb][vc_column][vc_column_text] Applications [\/vc_column_text][\/vc_column][\/vc_row][vc_row gap=\u00a0\u00bb10&Prime; css=\u00a0\u00bb.vc_custom_1729204619269{margin-bottom: 0px !important;}\u00a0\u00bb el_class=\u00a0\u00bbbloque_aplicaciones_home\u00a0\u00bb][vc_column width=\u00a0\u00bb1\/3&Prime; el_class=\u00a0\u00bbbloque_aplicacion\u00a0\u00bb css=\u00a0\u00bb.vc_custom_1626270487620{padding-right: 10px !important;}\u00a0\u00bb][vc_column_text el_class=\u00a0\u00bbtxt_bloque_aplicacion_grande\u00a0\u00bb] Sel de D\u00e9neigement [\/vc_column_text][vc_row_inner css=\u00a0\u00bb.vc_custom_1729603493675{margin-top: 0px !important;margin-right: 0px !important;margin-bottom: 0px !important;margin-left: 0px !important;padding-top: 0px !important;padding-right: 0px !important;padding-bottom: 0px !important;padding-left: 0px !important;background-image: url(https:\/\/www.ibericadesales.com\/wp-content\/uploads\/2024\/10\/home_2.jpg?id=39) !important;background-position: center !important;background-repeat: no-repeat !important;background-size: cover !important;}\u00a0\u00bb][vc_column_inner el_class=\u00a0\u00bbfoto_aplicacion\u00a0\u00bb css=\u00a0\u00bb.vc_custom_1626265811723{margin-top: 0px !important;margin-right: 0px !important;margin-bottom: 0px !important;margin-left: 0px !important;padding-top: [&hellip;]<\/p>\n","protected":false},"author":1,"featured_media":913,"parent":0,"menu_order":0,"comment_status":"closed","ping_status":"closed","template":"","meta":{"footnotes":""},"class_list":["post-313","page","type-page","status-publish","has-post-thumbnail","hentry"],"acf":[],"yoast_head":"<!-- This site is optimized with the Yoast SEO plugin v27.0 - https:\/\/yoast.com\/product\/yoast-seo-wordpress\/ -->\n<title>Accueil | Ib\u00e9rica de Sales<\/title>\n<meta name=\"description\" content=\"Producteurs de sel | Sp\u00e9cialistes du sel pour tous types d\u2019industries. | Sel pour d\u00e9calcifier, sel industriel, sel pour piscines et bien plus encore.\" \/>\n<meta name=\"robots\" content=\"index, follow, max-snippet:-1, max-image-preview:large, max-video-preview:-1\" \/>\n<link rel=\"canonical\" href=\"https:\/\/www.ibericadesales.com\/fr\/\" \/>\n<meta property=\"og:locale\" content=\"fr_FR\" \/>\n<meta property=\"og:type\" content=\"article\" \/>\n<meta property=\"og:title\" content=\"Accueil | Ib\u00e9rica de Sales\" \/>\n<meta property=\"og:description\" content=\"Producteurs de sel | Sp\u00e9cialistes du sel pour tous types d\u2019industries. | Sel pour d\u00e9calcifier, sel industriel, sel pour piscines et bien plus encore.\" \/>\n<meta property=\"og:url\" content=\"https:\/\/www.ibericadesales.com\/fr\/\" \/>\n<meta property=\"og:site_name\" content=\"Ib\u00e9rica de Sales\" \/>\n<meta property=\"article:modified_time\" content=\"2025-11-14T11:27:54+00:00\" \/>\n<meta property=\"og:image\" content=\"https:\/\/www.ibericadesales.com\/wp-content\/uploads\/2024\/12\/favicon.png\" \/>\n\t<meta property=\"og:image:width\" content=\"512\" \/>\n\t<meta property=\"og:image:height\" content=\"512\" \/>\n\t<meta property=\"og:image:type\" content=\"image\/png\" \/>\n<meta name=\"twitter:card\" content=\"summary_large_image\" \/>\n<meta name=\"twitter:label1\" content=\"Dur\u00e9e de lecture estim\u00e9e\" \/>\n\t<meta name=\"twitter:data1\" content=\"3 minutes\" \/>\n<script type=\"application\/ld+json\" class=\"yoast-schema-graph\">{\"@context\":\"https:\/\/schema.org\",\"@graph\":[{\"@type\":\"WebPage\",\"@id\":\"https:\/\/www.ibericadesales.com\/fr\/\",\"url\":\"https:\/\/www.ibericadesales.com\/fr\/\",\"name\":\"Accueil | Ib\u00e9rica de Sales\",\"isPartOf\":{\"@id\":\"https:\/\/www.ibericadesales.com\/#website\"},\"primaryImageOfPage\":{\"@id\":\"https:\/\/www.ibericadesales.com\/fr\/#primaryimage\"},\"image\":{\"@id\":\"https:\/\/www.ibericadesales.com\/fr\/#primaryimage\"},\"thumbnailUrl\":\"https:\/\/www.ibericadesales.com\/wp-content\/uploads\/2024\/12\/favicon.png\",\"datePublished\":\"2024-10-10T17:56:14+00:00\",\"dateModified\":\"2025-11-14T11:27:54+00:00\",\"description\":\"Producteurs de sel | Sp\u00e9cialistes du sel pour tous types d\u2019industries. | Sel pour d\u00e9calcifier, sel industriel, sel pour piscines et bien plus encore.\",\"breadcrumb\":{\"@id\":\"https:\/\/www.ibericadesales.com\/fr\/#breadcrumb\"},\"inLanguage\":\"fr-FR\",\"potentialAction\":[{\"@type\":\"ReadAction\",\"target\":[\"https:\/\/www.ibericadesales.com\/fr\/\"]}]},{\"@type\":\"ImageObject\",\"inLanguage\":\"fr-FR\",\"@id\":\"https:\/\/www.ibericadesales.com\/fr\/#primaryimage\",\"url\":\"https:\/\/www.ibericadesales.com\/wp-content\/uploads\/2024\/12\/favicon.png\",\"contentUrl\":\"https:\/\/www.ibericadesales.com\/wp-content\/uploads\/2024\/12\/favicon.png\",\"width\":512,\"height\":512,\"caption\":\"productores de sal\"},{\"@type\":\"BreadcrumbList\",\"@id\":\"https:\/\/www.ibericadesales.com\/fr\/#breadcrumb\",\"itemListElement\":[{\"@type\":\"ListItem\",\"position\":1,\"name\":\"Inicio\",\"item\":\"https:\/\/www.ibericadesales.com\/fr\/\"},{\"@type\":\"ListItem\",\"position\":2,\"name\":\"Accueil\"}]},{\"@type\":\"WebSite\",\"@id\":\"https:\/\/www.ibericadesales.com\/#website\",\"url\":\"https:\/\/www.ibericadesales.com\/\",\"name\":\"Ib\u00e9rica de Sales\",\"description\":\"Productores de Sal para todo tipo de industrias\",\"publisher\":{\"@id\":\"https:\/\/www.ibericadesales.com\/#organization\"},\"alternateName\":\"Ib\u00e9rica de Sales\",\"potentialAction\":[{\"@type\":\"SearchAction\",\"target\":{\"@type\":\"EntryPoint\",\"urlTemplate\":\"https:\/\/www.ibericadesales.com\/?s={search_term_string}\"},\"query-input\":{\"@type\":\"PropertyValueSpecification\",\"valueRequired\":true,\"valueName\":\"search_term_string\"}}],\"inLanguage\":\"fr-FR\"},{\"@type\":\"Organization\",\"@id\":\"https:\/\/www.ibericadesales.com\/#organization\",\"name\":\"Ib\u00e9rica de Sales\",\"alternateName\":\"Productores de sal\",\"url\":\"https:\/\/www.ibericadesales.com\/\",\"logo\":{\"@type\":\"ImageObject\",\"inLanguage\":\"fr-FR\",\"@id\":\"https:\/\/www.ibericadesales.com\/#\/schema\/logo\/image\/\",\"url\":\"https:\/\/www.ibericadesales.com\/wp-content\/uploads\/2024\/12\/favicon.png\",\"contentUrl\":\"https:\/\/www.ibericadesales.com\/wp-content\/uploads\/2024\/12\/favicon.png\",\"width\":512,\"height\":512,\"caption\":\"Ib\u00e9rica de Sales\"},\"image\":{\"@id\":\"https:\/\/www.ibericadesales.com\/#\/schema\/logo\/image\/\"}}]}<\/script>\n<!-- \/ Yoast SEO plugin. -->","yoast_head_json":{"title":"Accueil | Ib\u00e9rica de Sales","description":"Producteurs de sel | Sp\u00e9cialistes du sel pour tous types d\u2019industries. | Sel pour d\u00e9calcifier, sel industriel, sel pour piscines et bien plus encore.","robots":{"index":"index","follow":"follow","max-snippet":"max-snippet:-1","max-image-preview":"max-image-preview:large","max-video-preview":"max-video-preview:-1"},"canonical":"https:\/\/www.ibericadesales.com\/fr\/","og_locale":"fr_FR","og_type":"article","og_title":"Accueil | Ib\u00e9rica de Sales","og_description":"Producteurs de sel | Sp\u00e9cialistes du sel pour tous types d\u2019industries. | Sel pour d\u00e9calcifier, sel industriel, sel pour piscines et bien plus encore.","og_url":"https:\/\/www.ibericadesales.com\/fr\/","og_site_name":"Ib\u00e9rica de Sales","article_modified_time":"2025-11-14T11:27:54+00:00","og_image":[{"width":512,"height":512,"url":"https:\/\/www.ibericadesales.com\/wp-content\/uploads\/2024\/12\/favicon.png","type":"image\/png"}],"twitter_card":"summary_large_image","twitter_misc":{"Dur\u00e9e de lecture estim\u00e9e":"3 minutes"},"schema":{"@context":"https:\/\/schema.org","@graph":[{"@type":"WebPage","@id":"https:\/\/www.ibericadesales.com\/fr\/","url":"https:\/\/www.ibericadesales.com\/fr\/","name":"Accueil | Ib\u00e9rica de Sales","isPartOf":{"@id":"https:\/\/www.ibericadesales.com\/#website"},"primaryImageOfPage":{"@id":"https:\/\/www.ibericadesales.com\/fr\/#primaryimage"},"image":{"@id":"https:\/\/www.ibericadesales.com\/fr\/#primaryimage"},"thumbnailUrl":"https:\/\/www.ibericadesales.com\/wp-content\/uploads\/2024\/12\/favicon.png","datePublished":"2024-10-10T17:56:14+00:00","dateModified":"2025-11-14T11:27:54+00:00","description":"Producteurs de sel | Sp\u00e9cialistes du sel pour tous types d\u2019industries. | Sel pour d\u00e9calcifier, sel industriel, sel pour piscines et bien plus encore.","breadcrumb":{"@id":"https:\/\/www.ibericadesales.com\/fr\/#breadcrumb"},"inLanguage":"fr-FR","potentialAction":[{"@type":"ReadAction","target":["https:\/\/www.ibericadesales.com\/fr\/"]}]},{"@type":"ImageObject","inLanguage":"fr-FR","@id":"https:\/\/www.ibericadesales.com\/fr\/#primaryimage","url":"https:\/\/www.ibericadesales.com\/wp-content\/uploads\/2024\/12\/favicon.png","contentUrl":"https:\/\/www.ibericadesales.com\/wp-content\/uploads\/2024\/12\/favicon.png","width":512,"height":512,"caption":"productores de sal"},{"@type":"BreadcrumbList","@id":"https:\/\/www.ibericadesales.com\/fr\/#breadcrumb","itemListElement":[{"@type":"ListItem","position":1,"name":"Inicio","item":"https:\/\/www.ibericadesales.com\/fr\/"},{"@type":"ListItem","position":2,"name":"Accueil"}]},{"@type":"WebSite","@id":"https:\/\/www.ibericadesales.com\/#website","url":"https:\/\/www.ibericadesales.com\/","name":"Ib\u00e9rica de Sales","description":"Productores de Sal para todo tipo de industrias","publisher":{"@id":"https:\/\/www.ibericadesales.com\/#organization"},"alternateName":"Ib\u00e9rica de Sales","potentialAction":[{"@type":"SearchAction","target":{"@type":"EntryPoint","urlTemplate":"https:\/\/www.ibericadesales.com\/?s={search_term_string}"},"query-input":{"@type":"PropertyValueSpecification","valueRequired":true,"valueName":"search_term_string"}}],"inLanguage":"fr-FR"},{"@type":"Organization","@id":"https:\/\/www.ibericadesales.com\/#organization","name":"Ib\u00e9rica de Sales","alternateName":"Productores de sal","url":"https:\/\/www.ibericadesales.com\/","logo":{"@type":"ImageObject","inLanguage":"fr-FR","@id":"https:\/\/www.ibericadesales.com\/#\/schema\/logo\/image\/","url":"https:\/\/www.ibericadesales.com\/wp-content\/uploads\/2024\/12\/favicon.png","contentUrl":"https:\/\/www.ibericadesales.com\/wp-content\/uploads\/2024\/12\/favicon.png","width":512,"height":512,"caption":"Ib\u00e9rica de Sales"},"image":{"@id":"https:\/\/www.ibericadesales.com\/#\/schema\/logo\/image\/"}}]}},"_links":{"self":[{"href":"https:\/\/www.ibericadesales.com\/fr\/wp-json\/wp\/v2\/pages\/313","targetHints":{"allow":["GET"]}}],"collection":[{"href":"https:\/\/www.ibericadesales.com\/fr\/wp-json\/wp\/v2\/pages"}],"about":[{"href":"https:\/\/www.ibericadesales.com\/fr\/wp-json\/wp\/v2\/types\/page"}],"author":[{"embeddable":true,"href":"https:\/\/www.ibericadesales.com\/fr\/wp-json\/wp\/v2\/users\/1"}],"replies":[{"embeddable":true,"href":"https:\/\/www.ibericadesales.com\/fr\/wp-json\/wp\/v2\/comments?post=313"}],"version-history":[{"count":13,"href":"https:\/\/www.ibericadesales.com\/fr\/wp-json\/wp\/v2\/pages\/313\/revisions"}],"predecessor-version":[{"id":1355,"href":"https:\/\/www.ibericadesales.com\/fr\/wp-json\/wp\/v2\/pages\/313\/revisions\/1355"}],"wp:featuredmedia":[{"embeddable":true,"href":"https:\/\/www.ibericadesales.com\/fr\/wp-json\/wp\/v2\/media\/913"}],"wp:attachment":[{"href":"https:\/\/www.ibericadesales.com\/fr\/wp-json\/wp\/v2\/media?parent=313"}],"curies":[{"name":"wp","href":"https:\/\/api.w.org\/{rel}","templated":true}]}}