{"id":368,"date":"2024-10-24T11:07:23","date_gmt":"2024-10-24T09:07:23","guid":{"rendered":"https:\/\/www.ibericadesales.com\/politica-de-privacidad\/"},"modified":"2024-12-05T16:21:41","modified_gmt":"2024-12-05T15:21:41","slug":"politica-de-privacidad","status":"publish","type":"page","link":"https:\/\/www.ibericadesales.com\/en\/politica-de-privacidad\/","title":{"rendered":"Privacy Policy"},"content":{"rendered":"<div class=\"wpb-content-wrapper\"><p>[vc_row el_class=&#8221;textos_legales&#8221;][vc_column][vc_column_text]<\/p>\n<h1 style=\"text-align: center;\">Privacy policy<\/h1>\n<p>[\/vc_column_text][vc_column_text]<strong>Responsable \u00bfQui\u00e9n es el Responsable del tratamiento de sus datos?<\/strong><\/p>\n<p>MINERALES Y PRODUCTOS DERIVADOS, S.A. (MINERSA)<\/p>\n<p>C.I.F.: A48008502<\/p>\n<p>Domicilio social: Avenida Algorta n\u00ba 16, 48992, Getxo (Vizcaya)<\/p>\n<p>Tel\u00e9fono: 944255300<\/p>\n<p>Fax: 944231772<\/p>\n<p>Correo electr\u00f3nico: <a href=\"mailto:minersa@minersa.com\">minersa@minersa.com<\/a><\/p>\n<p>Direcci\u00f3n para ejercicio de derechos de las personas: Minerales y Productos Derivados, S.A. Departamento de Servicios Jur\u00eddicos, c\/ Avenida Algorta n\u00ba 16, 48992, Getxo (Vizcaya). Correo electr\u00f3nico: <a href=\"mailto:lopd@grupominersa.com\">lopd@grupominersa.com<\/a><\/p>\n<p><strong>Finalidad \u00bfPara qu\u00e9 tratamos sus datos?<\/strong><\/p>\n<p>MINERSA trata los datos facilitados para las siguientes finalidades:<\/p>\n<p>&#8211; Gestionar la comunicaci\u00f3n con las personas de contacto con finalidad comercial y de \u00a0mantenimiento de relaciones de inter\u00e9s para MINERSA y remisi\u00f3n, en su caso, a la empresa del Grupo Minersa a la que en concreto se refiera la comunicaci\u00f3n o consulta.<\/p>\n<p>&#8211; Gestionar el env\u00edo, por medios f\u00edsicos y\/o electr\u00f3nicos, de comunicaciones comerciales y divulgativas de productos y servicios de MINERSA.<\/p>\n<p><strong>Legitimaci\u00f3n \u00bfCu\u00e1l es la legitimaci\u00f3n para el tratamiento de sus datos?<\/strong><\/p>\n<p>La base legal para el tratamiento de los datos es el inter\u00e9s leg\u00edtimo de la organizaci\u00f3n, conforme al art. 6.1.f) del Reglamento Europeo de Protecci\u00f3n de Datos.<\/p>\n<p><strong>Destinatarios \u00bfA qu\u00e9 destinatarios se comunicar\u00e1n sus datos?<\/strong><\/p>\n<p>&#8211; Los datos personales no ser\u00e1n objeto de cesi\u00f3n salvo a las empresas pertenecientes al Grupo Minersa, o si fuera necesario para dar cumplimiento a las obligaciones legalmente establecidas o para dar soporte a los servicios de MINERSA.<\/p>\n<p><strong>Transferencias internacionales<\/strong><\/p>\n<p>&#8211; La gesti\u00f3n de los datos no supone la realizaci\u00f3n de transferencias internacionales de dichos datos.<\/p>\n<p>&#8211; En el caso de que la prestaci\u00f3n de servicios requiera compartir datos con prestadores de servicios dentro y fuera de la Uni\u00f3n Europea que dan soporte a los servicios de MINERSA, la \u00a0transmisi\u00f3n de los datos se realiza con las garant\u00edas adecuadas y preservando su seguridad.<\/p>\n<p>Conservaci\u00f3n \u00bfDurante cu\u00e1nto tiempo conservamos sus datos?<\/p>\n<p>&#8211; Los datos personales se conservar\u00e1n hasta que la persona interesada manifieste su oposici\u00f3n o baja respecto de la finalidad o finalidades a que se refiera dicha oposici\u00f3n.<\/p>\n<p>Derechos \u00bfCu\u00e1les son sus derechos cuando nos facilita sus datos?<\/p>\n<p>&#8211; Cualquier persona tiene derecho a obtener confirmaci\u00f3n sobre si MINERSA est\u00e1 tratando datos personales que le conciernan.<\/p>\n<p>&#8211; Las personas interesadas tienen derecho a acceder a sus datos personales, as\u00ed como a solicitar la rectificaci\u00f3n de los datos inexactos o, en su caso, solicitar su supresi\u00f3n cuando, entre otros motivos, los datos ya no sean necesarios para los fines que fueron recogidos.<\/p>\n<p>&#8211; En determinadas circunstancias, las personas interesadas podr\u00e1n solicitar la limitaci\u00f3n del tratamiento de sus datos, en cuyo caso \u00fanicamente se conservar\u00e1n para el ejercicio o la defensa de reclamaciones.<\/p>\n<p>&#8211; En determinadas circunstancias y por motivos relacionados con su situaci\u00f3n particular, las personas interesadas podr\u00e1n oponerse al tratamiento de sus datos. En tal caso, MINERSA dejar\u00e1 de tratar los datos, salvo por motivos leg\u00edtimos imperiosos, o por el ejercicio o la defensa de posibles reclamaciones.<\/p>\n<p>&#8211; Las personas interesadas podr\u00e1n solicitar la portabilidad de los datos para obtener los datos que han proporcionado a MINERSA en un formato estructurado, de uso com\u00fan y de lectura mec\u00e1nica, para ser descargados por s\u00ed mismos o transmitidos MINERSA a otra sociedad.<\/p>\n<p>&#8211; La persona interesada puede ejercitar sus derechos dirigiendo un correo electr\u00f3nico a la direcci\u00f3n <a href=\"mailto:lopd@grupominersa.com\">lopd@grupominersa.com<\/a><\/p>\n<p><strong>SEGURIDAD<\/strong><\/p>\n<p>&#8211; Los datos ser\u00e1n tratados de forma confidencial y bajo el sometimiento a medidas t\u00e9cnicas y organizativas de seguridad adecuadas para evitar su alteraci\u00f3n, p\u00e9rdida, tratamiento o acceso no autorizado.[\/vc_column_text][\/vc_column][\/vc_row]<\/p>\n<\/div>","protected":false},"excerpt":{"rendered":"<p>[vc_row el_class=&#8221;textos_legales&#8221;][vc_column][vc_column_text] Privacy policy [\/vc_column_text][vc_column_text]Responsable \u00bfQui\u00e9n es el Responsable del tratamiento de sus datos? MINERALES Y PRODUCTOS DERIVADOS, S.A. (MINERSA) C.I.F.: A48008502 Domicilio social: Avenida Algorta n\u00ba 16, 48992, Getxo (Vizcaya) Tel\u00e9fono: 944255300 Fax: 944231772 Correo electr\u00f3nico: minersa@minersa.com Direcci\u00f3n para ejercicio de derechos de las personas: Minerales y Productos Derivados, S.A. Departamento de Servicios Jur\u00eddicos, [&hellip;]<\/p>\n","protected":false},"author":1,"featured_media":0,"parent":0,"menu_order":0,"comment_status":"closed","ping_status":"closed","template":"","meta":{"footnotes":""},"class_list":["post-368","page","type-page","status-publish","hentry"],"acf":[],"yoast_head":"<!-- This site is optimized with the Yoast SEO plugin v27.0 - https:\/\/yoast.com\/product\/yoast-seo-wordpress\/ -->\n<title>Privacy Policy | Ib\u00e9rica de Sales<\/title>\n<meta name=\"robots\" content=\"index, follow, max-snippet:-1, max-image-preview:large, max-video-preview:-1\" \/>\n<link rel=\"canonical\" href=\"https:\/\/www.ibericadesales.com\/en\/politica-de-privacidad\/\" \/>\n<meta property=\"og:locale\" content=\"en_US\" \/>\n<meta property=\"og:type\" content=\"article\" \/>\n<meta property=\"og:title\" content=\"Privacy Policy | Ib\u00e9rica de Sales\" \/>\n<meta property=\"og:description\" content=\"[vc_row el_class=&#8221;textos_legales&#8221;][vc_column][vc_column_text] Privacy policy [\/vc_column_text][vc_column_text]Responsable \u00bfQui\u00e9n es el Responsable del tratamiento de sus datos? MINERALES Y PRODUCTOS DERIVADOS, S.A. (MINERSA) C.I.F.: A48008502 Domicilio social: Avenida Algorta n\u00ba 16, 48992, Getxo (Vizcaya) Tel\u00e9fono: 944255300 Fax: 944231772 Correo electr\u00f3nico: minersa@minersa.com Direcci\u00f3n para ejercicio de derechos de las personas: Minerales y Productos Derivados, S.A. Departamento de Servicios Jur\u00eddicos, [&hellip;]\" \/>\n<meta property=\"og:url\" content=\"https:\/\/www.ibericadesales.com\/en\/politica-de-privacidad\/\" \/>\n<meta property=\"og:site_name\" content=\"Ib\u00e9rica de Sales\" \/>\n<meta property=\"article:modified_time\" content=\"2024-12-05T15:21:41+00:00\" \/>\n<meta property=\"og:image\" content=\"https:\/\/www.ibericadesales.com\/wp-content\/uploads\/2024\/12\/favicon.png\" \/>\n\t<meta property=\"og:image:width\" content=\"512\" \/>\n\t<meta property=\"og:image:height\" content=\"512\" \/>\n\t<meta property=\"og:image:type\" content=\"image\/png\" \/>\n<meta name=\"twitter:card\" content=\"summary_large_image\" \/>\n<meta name=\"twitter:label1\" content=\"Est. reading time\" \/>\n\t<meta name=\"twitter:data1\" content=\"3 minutes\" \/>\n<script type=\"application\/ld+json\" class=\"yoast-schema-graph\">{\"@context\":\"https:\/\/schema.org\",\"@graph\":[{\"@type\":\"WebPage\",\"@id\":\"https:\/\/www.ibericadesales.com\/en\/politica-de-privacidad\/\",\"url\":\"https:\/\/www.ibericadesales.com\/en\/politica-de-privacidad\/\",\"name\":\"Privacy Policy | Ib\u00e9rica de Sales\",\"isPartOf\":{\"@id\":\"https:\/\/www.ibericadesales.com\/#website\"},\"datePublished\":\"2024-10-24T09:07:23+00:00\",\"dateModified\":\"2024-12-05T15:21:41+00:00\",\"breadcrumb\":{\"@id\":\"https:\/\/www.ibericadesales.com\/en\/politica-de-privacidad\/#breadcrumb\"},\"inLanguage\":\"en-US\",\"potentialAction\":[{\"@type\":\"ReadAction\",\"target\":[\"https:\/\/www.ibericadesales.com\/en\/politica-de-privacidad\/\"]}]},{\"@type\":\"BreadcrumbList\",\"@id\":\"https:\/\/www.ibericadesales.com\/en\/politica-de-privacidad\/#breadcrumb\",\"itemListElement\":[{\"@type\":\"ListItem\",\"position\":1,\"name\":\"Inicio\",\"item\":\"https:\/\/www.ibericadesales.com\/en\/\"},{\"@type\":\"ListItem\",\"position\":2,\"name\":\"Privacy Policy\"}]},{\"@type\":\"WebSite\",\"@id\":\"https:\/\/www.ibericadesales.com\/#website\",\"url\":\"https:\/\/www.ibericadesales.com\/\",\"name\":\"Ib\u00e9rica de Sales\",\"description\":\"Productores de Sal para todo tipo de industrias\",\"publisher\":{\"@id\":\"https:\/\/www.ibericadesales.com\/#organization\"},\"alternateName\":\"Ib\u00e9rica de Sales\",\"potentialAction\":[{\"@type\":\"SearchAction\",\"target\":{\"@type\":\"EntryPoint\",\"urlTemplate\":\"https:\/\/www.ibericadesales.com\/?s={search_term_string}\"},\"query-input\":{\"@type\":\"PropertyValueSpecification\",\"valueRequired\":true,\"valueName\":\"search_term_string\"}}],\"inLanguage\":\"en-US\"},{\"@type\":\"Organization\",\"@id\":\"https:\/\/www.ibericadesales.com\/#organization\",\"name\":\"Ib\u00e9rica de Sales\",\"alternateName\":\"Productores de sal\",\"url\":\"https:\/\/www.ibericadesales.com\/\",\"logo\":{\"@type\":\"ImageObject\",\"inLanguage\":\"en-US\",\"@id\":\"https:\/\/www.ibericadesales.com\/#\/schema\/logo\/image\/\",\"url\":\"https:\/\/www.ibericadesales.com\/wp-content\/uploads\/2024\/12\/favicon.png\",\"contentUrl\":\"https:\/\/www.ibericadesales.com\/wp-content\/uploads\/2024\/12\/favicon.png\",\"width\":512,\"height\":512,\"caption\":\"Ib\u00e9rica de Sales\"},\"image\":{\"@id\":\"https:\/\/www.ibericadesales.com\/#\/schema\/logo\/image\/\"}}]}<\/script>\n<!-- \/ Yoast SEO plugin. -->","yoast_head_json":{"title":"Privacy Policy | Ib\u00e9rica de Sales","robots":{"index":"index","follow":"follow","max-snippet":"max-snippet:-1","max-image-preview":"max-image-preview:large","max-video-preview":"max-video-preview:-1"},"canonical":"https:\/\/www.ibericadesales.com\/en\/politica-de-privacidad\/","og_locale":"en_US","og_type":"article","og_title":"Privacy Policy | Ib\u00e9rica de Sales","og_description":"[vc_row el_class=&#8221;textos_legales&#8221;][vc_column][vc_column_text] Privacy policy [\/vc_column_text][vc_column_text]Responsable \u00bfQui\u00e9n es el Responsable del tratamiento de sus datos? MINERALES Y PRODUCTOS DERIVADOS, S.A. (MINERSA) C.I.F.: A48008502 Domicilio social: Avenida Algorta n\u00ba 16, 48992, Getxo (Vizcaya) Tel\u00e9fono: 944255300 Fax: 944231772 Correo electr\u00f3nico: minersa@minersa.com Direcci\u00f3n para ejercicio de derechos de las personas: Minerales y Productos Derivados, S.A. Departamento de Servicios Jur\u00eddicos, [&hellip;]","og_url":"https:\/\/www.ibericadesales.com\/en\/politica-de-privacidad\/","og_site_name":"Ib\u00e9rica de Sales","article_modified_time":"2024-12-05T15:21:41+00:00","og_image":[{"width":512,"height":512,"url":"https:\/\/www.ibericadesales.com\/wp-content\/uploads\/2024\/12\/favicon.png","type":"image\/png"}],"twitter_card":"summary_large_image","twitter_misc":{"Est. reading time":"3 minutes"},"schema":{"@context":"https:\/\/schema.org","@graph":[{"@type":"WebPage","@id":"https:\/\/www.ibericadesales.com\/en\/politica-de-privacidad\/","url":"https:\/\/www.ibericadesales.com\/en\/politica-de-privacidad\/","name":"Privacy Policy | Ib\u00e9rica de Sales","isPartOf":{"@id":"https:\/\/www.ibericadesales.com\/#website"},"datePublished":"2024-10-24T09:07:23+00:00","dateModified":"2024-12-05T15:21:41+00:00","breadcrumb":{"@id":"https:\/\/www.ibericadesales.com\/en\/politica-de-privacidad\/#breadcrumb"},"inLanguage":"en-US","potentialAction":[{"@type":"ReadAction","target":["https:\/\/www.ibericadesales.com\/en\/politica-de-privacidad\/"]}]},{"@type":"BreadcrumbList","@id":"https:\/\/www.ibericadesales.com\/en\/politica-de-privacidad\/#breadcrumb","itemListElement":[{"@type":"ListItem","position":1,"name":"Inicio","item":"https:\/\/www.ibericadesales.com\/en\/"},{"@type":"ListItem","position":2,"name":"Privacy Policy"}]},{"@type":"WebSite","@id":"https:\/\/www.ibericadesales.com\/#website","url":"https:\/\/www.ibericadesales.com\/","name":"Ib\u00e9rica de Sales","description":"Productores de Sal para todo tipo de industrias","publisher":{"@id":"https:\/\/www.ibericadesales.com\/#organization"},"alternateName":"Ib\u00e9rica de Sales","potentialAction":[{"@type":"SearchAction","target":{"@type":"EntryPoint","urlTemplate":"https:\/\/www.ibericadesales.com\/?s={search_term_string}"},"query-input":{"@type":"PropertyValueSpecification","valueRequired":true,"valueName":"search_term_string"}}],"inLanguage":"en-US"},{"@type":"Organization","@id":"https:\/\/www.ibericadesales.com\/#organization","name":"Ib\u00e9rica de Sales","alternateName":"Productores de sal","url":"https:\/\/www.ibericadesales.com\/","logo":{"@type":"ImageObject","inLanguage":"en-US","@id":"https:\/\/www.ibericadesales.com\/#\/schema\/logo\/image\/","url":"https:\/\/www.ibericadesales.com\/wp-content\/uploads\/2024\/12\/favicon.png","contentUrl":"https:\/\/www.ibericadesales.com\/wp-content\/uploads\/2024\/12\/favicon.png","width":512,"height":512,"caption":"Ib\u00e9rica de Sales"},"image":{"@id":"https:\/\/www.ibericadesales.com\/#\/schema\/logo\/image\/"}}]}},"_links":{"self":[{"href":"https:\/\/www.ibericadesales.com\/en\/wp-json\/wp\/v2\/pages\/368","targetHints":{"allow":["GET"]}}],"collection":[{"href":"https:\/\/www.ibericadesales.com\/en\/wp-json\/wp\/v2\/pages"}],"about":[{"href":"https:\/\/www.ibericadesales.com\/en\/wp-json\/wp\/v2\/types\/page"}],"author":[{"embeddable":true,"href":"https:\/\/www.ibericadesales.com\/en\/wp-json\/wp\/v2\/users\/1"}],"replies":[{"embeddable":true,"href":"https:\/\/www.ibericadesales.com\/en\/wp-json\/wp\/v2\/comments?post=368"}],"version-history":[{"count":6,"href":"https:\/\/www.ibericadesales.com\/en\/wp-json\/wp\/v2\/pages\/368\/revisions"}],"predecessor-version":[{"id":954,"href":"https:\/\/www.ibericadesales.com\/en\/wp-json\/wp\/v2\/pages\/368\/revisions\/954"}],"wp:attachment":[{"href":"https:\/\/www.ibericadesales.com\/en\/wp-json\/wp\/v2\/media?parent=368"}],"curies":[{"name":"wp","href":"https:\/\/api.w.org\/{rel}","templated":true}]}}